{"id":1013,"date":"2025-12-08T16:15:17","date_gmt":"2025-12-08T15:15:17","guid":{"rendered":"https:\/\/historoubaix.com\/?page_id=1013"},"modified":"2025-12-27T13:26:21","modified_gmt":"2025-12-27T12:26:21","slug":"exposition-musee-la-piscine-roubaix","status":"publish","type":"page","link":"https:\/\/historoubaix.com\/index.php\/exposition-musee-la-piscine-roubaix\/","title":{"rendered":"Exposition Mus\u00e9e La Piscine Roubaix"},"content":{"rendered":"\n<div class=\"wp-block-cover alignfull\" style=\"min-height:185px;aspect-ratio:unset;\"><span aria-hidden=\"true\" class=\"wp-block-cover__background has-nv-site-bg-background-color has-background-dim-100 has-background-dim\"><\/span><div class=\"wp-block-cover__inner-container is-layout-flow wp-block-cover-is-layout-flow\">\n<div class=\"wp-block-group\"><div class=\"wp-block-group__inner-container is-layout-flow wp-block-group-is-layout-flow\">\n<h1 class=\"wp-block-heading has-text-align-left has-neve-text-color-color has-text-color\">Exposition Mus\u00e9e La Piscine Roubaix<\/h1>\n<\/div><\/div>\n<\/div><\/div>\n\n\n\n<div class=\"wp-block-cover alignfull\" style=\"min-height:645px;aspect-ratio:unset;\"><span aria-hidden=\"true\" class=\"wp-block-cover__background has-nv-light-bg-background-color has-background-dim-100 has-background-dim\"><\/span><div class=\"wp-block-cover__inner-container is-layout-flow wp-block-cover-is-layout-flow\">\n<div style=\"height:20px\" aria-hidden=\"true\" class=\"wp-block-spacer\"><\/div>\n\n\n\n<div class=\"wp-block-group\"><div class=\"wp-block-group__inner-container is-layout-flow wp-block-group-is-layout-flow\">\n<div class=\"wp-block-columns is-layout-flex wp-container-core-columns-is-layout-9d6595d7 wp-block-columns-is-layout-flex\">\n<div class=\"wp-block-column is-layout-flow wp-block-column-is-layout-flow\" style=\"flex-basis:60%\">\n<figure class=\"wp-block-image size-large is-resized has-custom-border is-style-rounded\" id=\"wp-block-themeisle-blocks-image-3c2d51c3\"><img loading=\"lazy\" decoding=\"async\" width=\"1024\" height=\"768\" src=\"https:\/\/historoubaix.com\/wp-content\/uploads\/2025\/12\/3ab728bc-9a44-4de6-8b9f-1319ac185a43-1_all_5118-1024x768.jpg\" alt=\"\" class=\"has-border-color wp-image-1029\" style=\"border-color:var(--nv-text-dark-bg);border-width:2px;border-radius:15px;width:666px;height:auto\" srcset=\"https:\/\/historoubaix.com\/wp-content\/uploads\/2025\/12\/3ab728bc-9a44-4de6-8b9f-1319ac185a43-1_all_5118-1024x768.jpg 1024w, https:\/\/historoubaix.com\/wp-content\/uploads\/2025\/12\/3ab728bc-9a44-4de6-8b9f-1319ac185a43-1_all_5118-300x225.jpg 300w, https:\/\/historoubaix.com\/wp-content\/uploads\/2025\/12\/3ab728bc-9a44-4de6-8b9f-1319ac185a43-1_all_5118-768x576.jpg 768w, https:\/\/historoubaix.com\/wp-content\/uploads\/2025\/12\/3ab728bc-9a44-4de6-8b9f-1319ac185a43-1_all_5118-1536x1152.jpg 1536w, https:\/\/historoubaix.com\/wp-content\/uploads\/2025\/12\/3ab728bc-9a44-4de6-8b9f-1319ac185a43-1_all_5118-2048x1536.jpg 2048w\" sizes=\"auto, (max-width: 1024px) 100vw, 1024px\" \/><\/figure>\n<\/div>\n\n\n\n<div class=\"wp-block-column ticss-6b7d97b9 is-layout-flow wp-block-column-is-layout-flow\" style=\"flex-basis:40%\">\n<h2 class=\"wp-block-heading has-neve-text-color-color has-text-color has-link-color wp-elements-b3a91155d7d9fc0b0d4b358143d74b1c\" style=\"font-size:35px\">L\u2019art et la passion du v\u00e9lo\u202f<\/h2>\n\n\n\n<p class=\"ticss-fbec35b1 has-neve-text-color-color has-text-color has-link-color wp-elements-07bda2e7f615d90f6f40b9627f3eacc2\">D\u00e9couvrez cette exposition unique d\u00e9di\u00e9e aux v\u00e9los et \u00e0 leur univers, o\u00f9 design, innovation et histoire se rencontrent. Parcourez les mod\u00e8les contemporains et classiques, admirez les d\u00e9tails techniques et laissez-vous inspirer par la cr\u00e9ativit\u00e9 des constructeurs et passionn\u00e9s. Chaque v\u00e9lo raconte une histoire et chaque photo capture un moment de cette passion sur deux roues.<\/p>\n<\/div>\n<\/div>\n<\/div><\/div>\n<\/div><\/div>\n\n\n\n<div class=\"wp-block-cover alignfull\" style=\"min-height:600px;aspect-ratio:unset;\"><span aria-hidden=\"true\" class=\"wp-block-cover__background has-nv-site-bg-background-color has-background-dim-100 has-background-dim\"><\/span><div class=\"wp-block-cover__inner-container is-layout-flow wp-block-cover-is-layout-flow\">\n<div class=\"wp-block-group\"><div class=\"wp-block-group__inner-container is-layout-flow wp-block-group-is-layout-flow\">\n<div style=\"height:80px\" aria-hidden=\"true\" class=\"wp-block-spacer\"><\/div>\n\n\n\n<h2 class=\"wp-block-heading has-neve-text-color-color has-text-color\">L\u2019exposition en images<\/h2>\n\n\n\n<div style=\"height:20px\" aria-hidden=\"true\" class=\"wp-block-spacer\"><\/div>\n\n\n\n<div class=\"wp-block-columns are-vertically-aligned-center is-layout-flex wp-container-core-columns-is-layout-9d6595d7 wp-block-columns-is-layout-flex\">\n<div class=\"wp-block-column is-vertically-aligned-center is-layout-flow wp-block-column-is-layout-flow\" style=\"flex-basis:50%\">\n<figure class=\"wp-block-image size-large has-custom-border is-style-rounded\" id=\"wp-block-themeisle-blocks-image-9d4240cf\"><img loading=\"lazy\" decoding=\"async\" width=\"768\" height=\"1024\" src=\"https:\/\/historoubaix.com\/wp-content\/uploads\/2025\/12\/3ab728bc-9a44-4de6-8b9f-1319ac185a43-1_all_5129-768x1024.jpg\" alt=\"\" class=\"has-border-color wp-image-1034\" style=\"border-color:var(--nv-text-dark-bg);border-width:2px;border-radius:15px\" srcset=\"https:\/\/historoubaix.com\/wp-content\/uploads\/2025\/12\/3ab728bc-9a44-4de6-8b9f-1319ac185a43-1_all_5129-768x1024.jpg 768w, https:\/\/historoubaix.com\/wp-content\/uploads\/2025\/12\/3ab728bc-9a44-4de6-8b9f-1319ac185a43-1_all_5129-225x300.jpg 225w, https:\/\/historoubaix.com\/wp-content\/uploads\/2025\/12\/3ab728bc-9a44-4de6-8b9f-1319ac185a43-1_all_5129-1152x1536.jpg 1152w, https:\/\/historoubaix.com\/wp-content\/uploads\/2025\/12\/3ab728bc-9a44-4de6-8b9f-1319ac185a43-1_all_5129-1536x2048.jpg 1536w, https:\/\/historoubaix.com\/wp-content\/uploads\/2025\/12\/3ab728bc-9a44-4de6-8b9f-1319ac185a43-1_all_5129-scaled.jpg 1920w\" sizes=\"auto, (max-width: 768px) 100vw, 768px\" \/><\/figure>\n\n\n\n<div style=\"height:15px\" aria-hidden=\"true\" class=\"wp-block-spacer\"><\/div>\n\n\n\n<figure class=\"wp-block-image size-large has-custom-border is-style-rounded\" id=\"wp-block-themeisle-blocks-image-1d9053ba\"><img loading=\"lazy\" decoding=\"async\" width=\"768\" height=\"1024\" src=\"https:\/\/historoubaix.com\/wp-content\/uploads\/2025\/12\/3ab728bc-9a44-4de6-8b9f-1319ac185a43-1_all_5126-768x1024.jpg\" alt=\"\" class=\"has-border-color wp-image-1032\" style=\"border-color:var(--nv-text-dark-bg);border-width:2px;border-radius:15px\" srcset=\"https:\/\/historoubaix.com\/wp-content\/uploads\/2025\/12\/3ab728bc-9a44-4de6-8b9f-1319ac185a43-1_all_5126-768x1024.jpg 768w, https:\/\/historoubaix.com\/wp-content\/uploads\/2025\/12\/3ab728bc-9a44-4de6-8b9f-1319ac185a43-1_all_5126-225x300.jpg 225w, https:\/\/historoubaix.com\/wp-content\/uploads\/2025\/12\/3ab728bc-9a44-4de6-8b9f-1319ac185a43-1_all_5126-1152x1536.jpg 1152w, https:\/\/historoubaix.com\/wp-content\/uploads\/2025\/12\/3ab728bc-9a44-4de6-8b9f-1319ac185a43-1_all_5126-1536x2048.jpg 1536w, https:\/\/historoubaix.com\/wp-content\/uploads\/2025\/12\/3ab728bc-9a44-4de6-8b9f-1319ac185a43-1_all_5126-scaled.jpg 1920w\" sizes=\"auto, (max-width: 768px) 100vw, 768px\" \/><\/figure>\n\n\n\n<div style=\"height:15px\" aria-hidden=\"true\" class=\"wp-block-spacer\"><\/div>\n\n\n\n<figure class=\"wp-block-image size-full has-custom-border is-style-rounded\" id=\"wp-block-themeisle-blocks-image-d20df052\"><img loading=\"lazy\" decoding=\"async\" width=\"2560\" height=\"1920\" src=\"https:\/\/historoubaix.com\/wp-content\/uploads\/2025\/12\/3ab728bc-9a44-4de6-8b9f-1319ac185a43-1_all_5113-scaled.jpg\" alt=\"\" class=\"has-border-color wp-image-1024\" style=\"border-color:var(--nv-text-dark-bg);border-width:2px;border-radius:15px\" srcset=\"https:\/\/historoubaix.com\/wp-content\/uploads\/2025\/12\/3ab728bc-9a44-4de6-8b9f-1319ac185a43-1_all_5113-scaled.jpg 2560w, https:\/\/historoubaix.com\/wp-content\/uploads\/2025\/12\/3ab728bc-9a44-4de6-8b9f-1319ac185a43-1_all_5113-300x225.jpg 300w\" sizes=\"auto, (max-width: 2560px) 100vw, 2560px\" \/><\/figure>\n\n\n\n<div style=\"height:15px\" aria-hidden=\"true\" class=\"wp-block-spacer\"><\/div>\n\n\n\n<figure class=\"wp-block-image size-large has-custom-border is-style-rounded\" id=\"wp-block-themeisle-blocks-image-23364dcb\"><img loading=\"lazy\" decoding=\"async\" width=\"1024\" height=\"768\" src=\"https:\/\/historoubaix.com\/wp-content\/uploads\/2025\/12\/3ab728bc-9a44-4de6-8b9f-1319ac185a43-1_all_5115-1024x768.jpg\" alt=\"\" class=\"has-border-color wp-image-1026\" style=\"border-color:var(--nv-text-dark-bg);border-width:2px;border-radius:15px\" srcset=\"https:\/\/historoubaix.com\/wp-content\/uploads\/2025\/12\/3ab728bc-9a44-4de6-8b9f-1319ac185a43-1_all_5115-1024x768.jpg 1024w, https:\/\/historoubaix.com\/wp-content\/uploads\/2025\/12\/3ab728bc-9a44-4de6-8b9f-1319ac185a43-1_all_5115-300x225.jpg 300w, https:\/\/historoubaix.com\/wp-content\/uploads\/2025\/12\/3ab728bc-9a44-4de6-8b9f-1319ac185a43-1_all_5115-768x576.jpg 768w, https:\/\/historoubaix.com\/wp-content\/uploads\/2025\/12\/3ab728bc-9a44-4de6-8b9f-1319ac185a43-1_all_5115-1536x1152.jpg 1536w, https:\/\/historoubaix.com\/wp-content\/uploads\/2025\/12\/3ab728bc-9a44-4de6-8b9f-1319ac185a43-1_all_5115-2048x1536.jpg 2048w\" sizes=\"auto, (max-width: 1024px) 100vw, 1024px\" \/><\/figure>\n\n\n\n<div style=\"height:40px\" aria-hidden=\"true\" class=\"wp-block-spacer\"><\/div>\n<\/div>\n\n\n\n<div class=\"wp-block-column is-vertically-aligned-center is-layout-flow wp-block-column-is-layout-flow\" style=\"flex-basis:50%\">\n<figure class=\"wp-block-image size-large has-custom-border is-style-rounded\" id=\"wp-block-themeisle-blocks-image-dd491e17\"><img loading=\"lazy\" decoding=\"async\" width=\"768\" height=\"1024\" src=\"https:\/\/historoubaix.com\/wp-content\/uploads\/2025\/12\/3ab728bc-9a44-4de6-8b9f-1319ac185a43-1_all_5128-768x1024.jpg\" alt=\"\" class=\"has-border-color wp-image-1033\" style=\"border-color:var(--nv-text-dark-bg);border-width:2px;border-radius:15px\" srcset=\"https:\/\/historoubaix.com\/wp-content\/uploads\/2025\/12\/3ab728bc-9a44-4de6-8b9f-1319ac185a43-1_all_5128-768x1024.jpg 768w, https:\/\/historoubaix.com\/wp-content\/uploads\/2025\/12\/3ab728bc-9a44-4de6-8b9f-1319ac185a43-1_all_5128-225x300.jpg 225w, https:\/\/historoubaix.com\/wp-content\/uploads\/2025\/12\/3ab728bc-9a44-4de6-8b9f-1319ac185a43-1_all_5128-1152x1536.jpg 1152w, https:\/\/historoubaix.com\/wp-content\/uploads\/2025\/12\/3ab728bc-9a44-4de6-8b9f-1319ac185a43-1_all_5128-1536x2048.jpg 1536w, https:\/\/historoubaix.com\/wp-content\/uploads\/2025\/12\/3ab728bc-9a44-4de6-8b9f-1319ac185a43-1_all_5128-scaled.jpg 1920w\" sizes=\"auto, (max-width: 768px) 100vw, 768px\" \/><\/figure>\n\n\n\n<div style=\"height:15px\" aria-hidden=\"true\" class=\"wp-block-spacer\"><\/div>\n\n\n\n<figure class=\"wp-block-image size-large has-custom-border is-style-rounded\" id=\"wp-block-themeisle-blocks-image-639ba2ee\"><img loading=\"lazy\" decoding=\"async\" width=\"1024\" height=\"768\" src=\"https:\/\/historoubaix.com\/wp-content\/uploads\/2025\/12\/3ab728bc-9a44-4de6-8b9f-1319ac185a43-1_all_5122-1024x768.jpg\" alt=\"\" class=\"has-border-color wp-image-1031\" style=\"border-color:var(--nv-text-dark-bg);border-width:2px;border-radius:15px\" srcset=\"https:\/\/historoubaix.com\/wp-content\/uploads\/2025\/12\/3ab728bc-9a44-4de6-8b9f-1319ac185a43-1_all_5122-1024x768.jpg 1024w, https:\/\/historoubaix.com\/wp-content\/uploads\/2025\/12\/3ab728bc-9a44-4de6-8b9f-1319ac185a43-1_all_5122-300x225.jpg 300w, https:\/\/historoubaix.com\/wp-content\/uploads\/2025\/12\/3ab728bc-9a44-4de6-8b9f-1319ac185a43-1_all_5122-768x576.jpg 768w, https:\/\/historoubaix.com\/wp-content\/uploads\/2025\/12\/3ab728bc-9a44-4de6-8b9f-1319ac185a43-1_all_5122-1536x1152.jpg 1536w, https:\/\/historoubaix.com\/wp-content\/uploads\/2025\/12\/3ab728bc-9a44-4de6-8b9f-1319ac185a43-1_all_5122-2048x1536.jpg 2048w\" sizes=\"auto, (max-width: 1024px) 100vw, 1024px\" \/><\/figure>\n\n\n\n<div style=\"height:15px\" aria-hidden=\"true\" class=\"wp-block-spacer\"><\/div>\n\n\n\n<figure class=\"wp-block-image size-full has-custom-border is-style-rounded\" id=\"wp-block-themeisle-blocks-image-981b623a\"><img loading=\"lazy\" decoding=\"async\" width=\"2560\" height=\"1920\" src=\"https:\/\/historoubaix.com\/wp-content\/uploads\/2025\/12\/3ab728bc-9a44-4de6-8b9f-1319ac185a43-1_all_5108-1-scaled.jpg\" alt=\"\" class=\"has-border-color wp-image-1023\" style=\"border-color:var(--nv-text-dark-bg);border-width:2px;border-radius:15px\" srcset=\"https:\/\/historoubaix.com\/wp-content\/uploads\/2025\/12\/3ab728bc-9a44-4de6-8b9f-1319ac185a43-1_all_5108-1-scaled.jpg 2560w, https:\/\/historoubaix.com\/wp-content\/uploads\/2025\/12\/3ab728bc-9a44-4de6-8b9f-1319ac185a43-1_all_5108-1-300x225.jpg 300w\" sizes=\"auto, (max-width: 2560px) 100vw, 2560px\" \/><\/figure>\n\n\n\n<div style=\"height:15px\" aria-hidden=\"true\" class=\"wp-block-spacer\"><\/div>\n\n\n\n<figure class=\"wp-block-image size-large has-custom-border is-style-rounded\" id=\"wp-block-themeisle-blocks-image-53045c49\"><img loading=\"lazy\" decoding=\"async\" width=\"1024\" height=\"768\" src=\"https:\/\/historoubaix.com\/wp-content\/uploads\/2025\/12\/3ab728bc-9a44-4de6-8b9f-1319ac185a43-1_all_5116-1024x768.jpg\" alt=\"\" class=\"has-border-color wp-image-1027\" style=\"border-color:var(--nv-text-dark-bg);border-width:2px;border-radius:15px\" srcset=\"https:\/\/historoubaix.com\/wp-content\/uploads\/2025\/12\/3ab728bc-9a44-4de6-8b9f-1319ac185a43-1_all_5116-1024x768.jpg 1024w, https:\/\/historoubaix.com\/wp-content\/uploads\/2025\/12\/3ab728bc-9a44-4de6-8b9f-1319ac185a43-1_all_5116-300x225.jpg 300w, https:\/\/historoubaix.com\/wp-content\/uploads\/2025\/12\/3ab728bc-9a44-4de6-8b9f-1319ac185a43-1_all_5116-768x576.jpg 768w, https:\/\/historoubaix.com\/wp-content\/uploads\/2025\/12\/3ab728bc-9a44-4de6-8b9f-1319ac185a43-1_all_5116-1536x1152.jpg 1536w, https:\/\/historoubaix.com\/wp-content\/uploads\/2025\/12\/3ab728bc-9a44-4de6-8b9f-1319ac185a43-1_all_5116-2048x1536.jpg 2048w\" sizes=\"auto, (max-width: 1024px) 100vw, 1024px\" \/><\/figure>\n\n\n\n<div style=\"height:15px\" aria-hidden=\"true\" class=\"wp-block-spacer\"><\/div>\n\n\n\n<figure class=\"wp-block-image size-large has-custom-border is-style-rounded\" id=\"wp-block-themeisle-blocks-image-d82837c5\"><img loading=\"lazy\" decoding=\"async\" width=\"768\" height=\"1024\" src=\"https:\/\/historoubaix.com\/wp-content\/uploads\/2025\/12\/3ab728bc-9a44-4de6-8b9f-1319ac185a43-1_all_5114-768x1024.jpg\" alt=\"\" class=\"has-border-color wp-image-1025\" style=\"border-color:var(--nv-text-dark-bg);border-width:2px;border-radius:15px\" srcset=\"https:\/\/historoubaix.com\/wp-content\/uploads\/2025\/12\/3ab728bc-9a44-4de6-8b9f-1319ac185a43-1_all_5114-768x1024.jpg 768w, https:\/\/historoubaix.com\/wp-content\/uploads\/2025\/12\/3ab728bc-9a44-4de6-8b9f-1319ac185a43-1_all_5114-225x300.jpg 225w, https:\/\/historoubaix.com\/wp-content\/uploads\/2025\/12\/3ab728bc-9a44-4de6-8b9f-1319ac185a43-1_all_5114-1152x1536.jpg 1152w, https:\/\/historoubaix.com\/wp-content\/uploads\/2025\/12\/3ab728bc-9a44-4de6-8b9f-1319ac185a43-1_all_5114-1536x2048.jpg 1536w, https:\/\/historoubaix.com\/wp-content\/uploads\/2025\/12\/3ab728bc-9a44-4de6-8b9f-1319ac185a43-1_all_5114-scaled.jpg 1920w\" sizes=\"auto, (max-width: 768px) 100vw, 768px\" \/><\/figure>\n\n\n\n<div style=\"height:40px\" aria-hidden=\"true\" class=\"wp-block-spacer\"><\/div>\n<\/div>\n<\/div>\n\n\n\n<div style=\"height:40px\" aria-hidden=\"true\" class=\"wp-block-spacer\"><\/div>\n<\/div><\/div>\n<\/div><\/div>\n\n\n\n<div class=\"wp-block-cover alignfull\" style=\"min-height:300px;aspect-ratio:unset;\"><span aria-hidden=\"true\" class=\"wp-block-cover__background has-nv-dark-bg-background-color has-background-dim-100 has-background-dim\"><\/span><div class=\"wp-block-cover__inner-container is-layout-flow wp-block-cover-is-layout-flow\">\n<div style=\"height:140px\" aria-hidden=\"true\" class=\"wp-block-spacer\"><\/div>\n\n\n\n<h2 class=\"wp-block-heading has-text-align-center has-nv-text-dark-bg-color has-text-color\">\u00ab Votre projet m\u00e9rite une exposition \u00bb<\/h2>\n\n\n\n<p class=\"has-text-align-center\">De la conception \u00e0 la pr\u00e9sentation, nous vous accompagnons \u00e0 chaque \u00e9tape.<\/p>\n\n\n\n<div class=\"wp-block-buttons is-horizontal is-content-justification-center is-layout-flex wp-container-core-buttons-is-layout-499968f5 wp-block-buttons-is-layout-flex\">\n<div class=\"wp-block-button is-style-primary\"><a class=\"wp-block-button__link wp-element-button\" href=\"https:\/\/historoubaix.com\/index.php\/contact-historoubaix\">Contactez-nous<\/a><\/div>\n<\/div>\n\n\n\n<div style=\"height:140px\" aria-hidden=\"true\" class=\"wp-block-spacer\"><\/div>\n<\/div><\/div>\n","protected":false},"excerpt":{"rendered":"","protected":false},"author":1,"featured_media":0,"parent":0,"menu_order":0,"comment_status":"closed","ping_status":"closed","template":"","meta":{"neve_meta_sidebar":"default","neve_meta_container":"","neve_meta_enable_content_width":"on","neve_meta_content_width":100,"neve_meta_title_alignment":"","neve_meta_author_avatar":"","neve_post_elements_order":"","neve_meta_disable_header":"","neve_meta_disable_footer":"","neve_meta_disable_title":"on","_themeisle_gutenberg_block_has_review":false,"footnotes":""},"class_list":["post-1013","page","type-page","status-publish","hentry"],"_links":{"self":[{"href":"https:\/\/historoubaix.com\/index.php\/wp-json\/wp\/v2\/pages\/1013","targetHints":{"allow":["GET"]}}],"collection":[{"href":"https:\/\/historoubaix.com\/index.php\/wp-json\/wp\/v2\/pages"}],"about":[{"href":"https:\/\/historoubaix.com\/index.php\/wp-json\/wp\/v2\/types\/page"}],"author":[{"embeddable":true,"href":"https:\/\/historoubaix.com\/index.php\/wp-json\/wp\/v2\/users\/1"}],"replies":[{"embeddable":true,"href":"https:\/\/historoubaix.com\/index.php\/wp-json\/wp\/v2\/comments?post=1013"}],"version-history":[{"count":6,"href":"https:\/\/historoubaix.com\/index.php\/wp-json\/wp\/v2\/pages\/1013\/revisions"}],"predecessor-version":[{"id":1170,"href":"https:\/\/historoubaix.com\/index.php\/wp-json\/wp\/v2\/pages\/1013\/revisions\/1170"}],"wp:attachment":[{"href":"https:\/\/historoubaix.com\/index.php\/wp-json\/wp\/v2\/media?parent=1013"}],"curies":[{"name":"wp","href":"https:\/\/api.w.org\/{rel}","templated":true}]}}