{"id":310,"date":"2020-01-13T11:17:52","date_gmt":"2020-01-13T11:17:52","guid":{"rendered":"https:\/\/demosites.io\/web-agency-gb\/?page_id=5"},"modified":"2025-12-27T15:51:42","modified_gmt":"2025-12-27T14:51:42","slug":"velo-ancien-roubaix","status":"publish","type":"page","link":"https:\/\/historoubaix.com\/","title":{"rendered":"Accueil"},"content":{"rendered":"\n<div class=\"wp-block-cover alignfull is-light has-border-color has-nv-light-bg-border-color wp-duotone-grayscale\" style=\"border-style:solid;border-width:3px;border-radius:0px;padding-top:0;padding-bottom:0;min-height:700px;aspect-ratio:unset;\"><img loading=\"lazy\" decoding=\"async\" width=\"2560\" height=\"1633\" class=\"wp-block-cover__image-background wp-image-469 size-full\" alt=\"\" src=\"https:\/\/historoubaix.com\/wp-content\/uploads\/2025\/10\/paris-roubaix-1896-1-scaled.jpg\" data-object-fit=\"cover\" srcset=\"https:\/\/historoubaix.com\/wp-content\/uploads\/2025\/10\/paris-roubaix-1896-1-scaled.jpg 2560w, https:\/\/historoubaix.com\/wp-content\/uploads\/2025\/10\/paris-roubaix-1896-1-300x191.jpg 300w, https:\/\/historoubaix.com\/wp-content\/uploads\/2025\/10\/paris-roubaix-1896-1-1024x653.jpg 1024w, https:\/\/historoubaix.com\/wp-content\/uploads\/2025\/10\/paris-roubaix-1896-1-768x490.jpg 768w, https:\/\/historoubaix.com\/wp-content\/uploads\/2025\/10\/paris-roubaix-1896-1-1536x980.jpg 1536w, https:\/\/historoubaix.com\/wp-content\/uploads\/2025\/10\/paris-roubaix-1896-1-2048x1307.jpg 2048w\" sizes=\"auto, (max-width: 2560px) 100vw, 2560px\" \/><span aria-hidden=\"true\" class=\"wp-block-cover__background has-background-dim-0 has-background-dim\" style=\"background-color:#c2b8ad\"><\/span><div class=\"wp-block-cover__inner-container is-layout-flow wp-block-cover-is-layout-flow\">\n<h1 class=\"wp-block-heading has-text-align-center has-text-color\" style=\"color:#121212;font-size:50px\">Histo\u2019Roubaix : la m\u00e9moire du v\u00e9lo ancien<\/h1>\n\n\n\n<div class=\"wp-block-columns is-layout-flex wp-container-core-columns-is-layout-9d6595d7 wp-block-columns-is-layout-flex\">\n<div class=\"wp-block-column is-vertically-aligned-top is-layout-flow wp-block-column-is-layout-flow\" style=\"padding-top:0;padding-bottom:0\">\n<div class=\"wp-block-columns is-layout-flex wp-container-core-columns-is-layout-9d6595d7 wp-block-columns-is-layout-flex\">\n<div class=\"wp-block-column is-layout-flow wp-block-column-is-layout-flow\">\n<div class=\"wp-block-group is-layout-grid wp-container-core-group-is-layout-10f516f0 wp-block-group-is-layout-grid\">\n<p class=\"has-text-align-center wp-container-content-27d52862\">D\u00e9couvrez l\u2019histoire et la passion du patrimoine v\u00e9locip\u00e9dique \u00e0 Roubaix et au-del\u00e0.<\/p>\n<\/div>\n\n\n\n<div class=\"wp-block-group is-layout-grid wp-container-core-group-is-layout-10f516f0 wp-block-group-is-layout-grid\">\n<p class=\"has-text-align-center wp-container-content-27d52862\">Plongez dans l\u2019univers des bicyclettes d\u2019\u00e9poque, t\u00e9moins d\u2019un si\u00e8cle d\u2019innovation et d\u2019\u00e9motion..<\/p>\n<\/div>\n<\/div>\n<\/div>\n<\/div>\n<\/div>\n\n\n\n<div class=\"wp-block-buttons is-horizontal is-content-justification-center is-layout-flex wp-container-core-buttons-is-layout-499968f5 wp-block-buttons-is-layout-flex\">\n<div class=\"wp-block-button is-style-primary\"><a class=\"wp-block-button__link wp-element-button\" href=\"https:\/\/historoubaix.com\/index.php\/association-historoubaix#notre-histoire\">Lire la suite<\/a><\/div>\n<\/div>\n\n\n\n<div style=\"height:80px\" aria-hidden=\"true\" class=\"wp-block-spacer\"><\/div>\n\n\n\n<div style=\"height:80px\" aria-hidden=\"true\" class=\"wp-block-spacer\"><\/div>\n<\/div><\/div>\n\n\n\n<div style=\"height:80px\" aria-hidden=\"true\" class=\"wp-block-spacer\"><\/div>\n\n\n\n<div class=\"wp-block-columns is-layout-flex wp-container-core-columns-is-layout-9d6595d7 wp-block-columns-is-layout-flex\">\n<div class=\"wp-block-column is-layout-flow wp-block-column-is-layout-flow\"><div class=\"wp-block-image icon-style is-style-default\">\n<figure class=\"aligncenter size-full is-resized has-custom-border\" id=\"wp-block-themeisle-blocks-image-2bf1a620\"><img loading=\"lazy\" decoding=\"async\" width=\"667\" height=\"375\" src=\"https:\/\/historoubaix.com\/wp-content\/uploads\/2025\/12\/IMG-20250329-WA0001-edited-7.jpg\" alt=\"\" class=\"has-border-color has-nv-text-dark-bg-border-color wp-image-796\" style=\"border-width:2px;border-radius:15px;aspect-ratio:0.5625;object-fit:cover;width:100px\" title=\"\" srcset=\"https:\/\/historoubaix.com\/wp-content\/uploads\/2025\/12\/IMG-20250329-WA0001-edited-7.jpg 667w, https:\/\/historoubaix.com\/wp-content\/uploads\/2025\/12\/IMG-20250329-WA0001-edited-7-300x169.jpg 300w\" sizes=\"auto, (max-width: 667px) 100vw, 667px\" \/><\/figure>\n<\/div>\n\n\n<div style=\"height:20px\" aria-hidden=\"true\" class=\"wp-block-spacer\"><\/div>\n\n\n\n<h3 class=\"wp-block-heading has-text-align-center has-neve-text-color-color has-text-color\">Paris-Roubaix, art et l\u00e9gende<\/h3>\n\n\n\n<p class=\"has-text-align-center\">Une exposition unique m\u00ealant peinture, v\u00e9los anciens et maillots mythiques.<br>Revivez l\u2019histoire l\u00e9gendaire de Paris-Roubaix \u00e0 travers l\u2019art et le patrimoine.<br>Un \u00e9v\u00e9nement convivial pour petits et grands \u00e0 Gruson.<\/p>\n\n\n\n<p class=\"has-text-align-center\"><\/p>\n<\/div>\n\n\n\n<div class=\"wp-block-column is-layout-flow wp-block-column-is-layout-flow\"><div class=\"wp-block-image icon-style is-style-default\">\n<figure class=\"aligncenter size-full is-resized has-custom-border\" id=\"wp-block-themeisle-blocks-image-d7a21113\"><img loading=\"lazy\" decoding=\"async\" width=\"1754\" height=\"1754\" src=\"https:\/\/historoubaix.com\/wp-content\/uploads\/2025\/12\/Expo-Veelo.AFFWEB-edited-2.jpg\" alt=\"\" class=\"has-border-color wp-image-803\" style=\"border-color:var(--nv-text-dark-bg);border-width:2px;border-radius:15px;aspect-ratio:9\/16;object-fit:cover;width:100px\" srcset=\"https:\/\/historoubaix.com\/wp-content\/uploads\/2025\/12\/Expo-Veelo.AFFWEB-edited-2.jpg 1754w, https:\/\/historoubaix.com\/wp-content\/uploads\/2025\/12\/Expo-Veelo.AFFWEB-edited-2-300x300.jpg 300w, https:\/\/historoubaix.com\/wp-content\/uploads\/2025\/12\/Expo-Veelo.AFFWEB-edited-2-1024x1024.jpg 1024w, https:\/\/historoubaix.com\/wp-content\/uploads\/2025\/12\/Expo-Veelo.AFFWEB-edited-2-150x150.jpg 150w, https:\/\/historoubaix.com\/wp-content\/uploads\/2025\/12\/Expo-Veelo.AFFWEB-edited-2-768x768.jpg 768w, https:\/\/historoubaix.com\/wp-content\/uploads\/2025\/12\/Expo-Veelo.AFFWEB-edited-2-1536x1536.jpg 1536w\" sizes=\"auto, (max-width: 1754px) 100vw, 1754px\" \/><\/figure>\n<\/div>\n\n\n<div style=\"height:20px\" aria-hidden=\"true\" class=\"wp-block-spacer\"><\/div>\n\n\n\n<h3 class=\"wp-block-heading has-text-align-center has-neve-text-color-color has-text-color\">Le v\u00e9lo, l\u2019\u00e9pop\u00e9e populaire<\/h3>\n\n\n\n<p class=\"has-text-align-center\">Des pav\u00e9s de Paris-Roubaix aux grandes heures olympiques.<br>Une plong\u00e9e vivante dans l\u2019histoire du cyclisme et de ses h\u00e9ros.<br>Une exposition entre sport, m\u00e9moire et passion.<\/p>\n\n\n\n<p class=\"has-text-align-center\"><\/p>\n<\/div>\n\n\n\n<div class=\"wp-block-column is-layout-flow wp-block-column-is-layout-flow\"><div class=\"wp-block-image icon-style is-style-rounded\">\n<figure class=\"aligncenter size-full is-resized has-custom-border\" id=\"wp-block-themeisle-blocks-image-c2ae446e\"><img loading=\"lazy\" decoding=\"async\" width=\"400\" height=\"296\" src=\"https:\/\/historoubaix.com\/wp-content\/uploads\/2025\/12\/1909-iver-johnson-truss-bridge_1_eea2927c52ee3849b0484f74416c3eb2.jpg\" alt=\"\" class=\"has-border-color has-nv-text-dark-bg-border-color wp-image-809\" style=\"border-width:2px;border-radius:15px;aspect-ratio:9\/16;object-fit:cover;width:100px\" srcset=\"https:\/\/historoubaix.com\/wp-content\/uploads\/2025\/12\/1909-iver-johnson-truss-bridge_1_eea2927c52ee3849b0484f74416c3eb2.jpg 400w, https:\/\/historoubaix.com\/wp-content\/uploads\/2025\/12\/1909-iver-johnson-truss-bridge_1_eea2927c52ee3849b0484f74416c3eb2-300x222.jpg 300w\" sizes=\"auto, (max-width: 400px) 100vw, 400px\" \/><\/figure>\n<\/div>\n\n\n<div style=\"height:20px\" aria-hidden=\"true\" class=\"wp-block-spacer\"><\/div>\n\n\n\n<h3 class=\"wp-block-heading has-text-align-center has-neve-text-color-color has-text-color\">Le v\u00e9lo, prouesse d\u2019ing\u00e9nierie<\/h3>\n\n\n\n<p class=\"has-text-align-center\">Un t\u00e9moignage rare des d\u00e9buts de l\u2019innovation cycliste.<br>Quand la technique servait d\u00e9j\u00e0 la performance et l\u2019audace.<br>Une page d\u2019histoire entre m\u00e9canique, design et libert\u00e9.<\/p>\n\n\n\n<p class=\"has-text-align-center\"><\/p>\n<\/div>\n<\/div>\n\n\n\n<div style=\"height:50px\" aria-hidden=\"true\" class=\"wp-block-spacer\"><\/div>\n\n\n\n<div class=\"wp-block-cover alignfull\" style=\"min-height:600px;aspect-ratio:unset;\"><span aria-hidden=\"true\" class=\"wp-block-cover__background has-nv-light-bg-background-color has-background-dim-100 has-background-dim\"><\/span><div class=\"wp-block-cover__inner-container is-layout-flow wp-block-cover-is-layout-flow\">\n<div class=\"wp-block-group\"><div class=\"wp-block-group__inner-container is-layout-flow wp-block-group-is-layout-flow\">\n<div class=\"wp-block-columns are-vertically-aligned-center is-layout-flex wp-container-core-columns-is-layout-9d6595d7 wp-block-columns-is-layout-flex\">\n<div class=\"wp-block-column is-vertically-aligned-center is-layout-flow wp-block-column-is-layout-flow\" style=\"flex-basis:50%\">\n<div class=\"wp-block-columns is-layout-flex wp-container-core-columns-is-layout-9d6595d7 wp-block-columns-is-layout-flex\">\n<div class=\"wp-block-column is-layout-flow wp-block-column-is-layout-flow\"><div class=\"wp-block-image is-style-rounded ticss-5ff116ec wp-duotone-unset-1\">\n<figure class=\"aligncenter size-full is-resized has-custom-border\" id=\"wp-block-themeisle-blocks-image-0ffd51eb\"><img loading=\"lazy\" decoding=\"async\" width=\"1920\" height=\"2560\" src=\"https:\/\/historoubaix.com\/wp-content\/uploads\/2025\/12\/20240710_113937-scaled.jpg\" alt=\"\" class=\"wp-image-815\" style=\"border-width:2px;border-radius:15px;object-fit:cover;width:600px;height:250px\" srcset=\"https:\/\/historoubaix.com\/wp-content\/uploads\/2025\/12\/20240710_113937-scaled.jpg 1920w, https:\/\/historoubaix.com\/wp-content\/uploads\/2025\/12\/20240710_113937-225x300.jpg 225w, https:\/\/historoubaix.com\/wp-content\/uploads\/2025\/12\/20240710_113937-768x1024.jpg 768w, https:\/\/historoubaix.com\/wp-content\/uploads\/2025\/12\/20240710_113937-1152x1536.jpg 1152w, https:\/\/historoubaix.com\/wp-content\/uploads\/2025\/12\/20240710_113937-1536x2048.jpg 1536w\" sizes=\"auto, (max-width: 1920px) 100vw, 1920px\" \/><\/figure>\n<\/div><\/div>\n<\/div>\n<\/div>\n\n\n\n<div class=\"wp-block-column is-vertically-aligned-center is-layout-flow wp-block-column-is-layout-flow\" style=\"flex-basis:50%\">\n<h2 class=\"wp-block-heading has-text-align-left has-neve-text-color-color has-text-color\" style=\"font-size:40px\">L\u2019Association Histo\u2019Roubaix<\/h2>\n\n\n\n<p class=\"has-text-align-left has-neve-text-color-color has-text-color\" style=\"font-size:17px\">\u00ab Histo\u2019Roubaix est une association de passionn\u00e9s d\u00e9di\u00e9e \u00e0 la sauvegarde et \u00e0 la transmission du patrimoine cycliste. Nous collectons, restaurons, exposons et partageons l\u2019histoire du v\u00e9lo pour la faire vivre aupr\u00e8s de tous. Nos actions unissent passion, m\u00e9moire et convivialit\u00e9. \u00bb<\/p>\n\n\n\n<div class=\"wp-block-buttons is-horizontal is-content-justification-left is-layout-flex wp-container-core-buttons-is-layout-7e5fce0a wp-block-buttons-is-layout-flex\">\n<div class=\"wp-block-button is-style-primary\"><a class=\"wp-block-button__link wp-element-button\" href=\"https:\/\/historoubaix.com\/index.php\/association-historoubaix#notre-histoire\">Lire la suite<\/a><\/div>\n<\/div>\n\n\n\n<div style=\"height:20px\" aria-hidden=\"true\" class=\"wp-block-spacer\"><\/div>\n<\/div>\n<\/div>\n<\/div><\/div>\n<\/div><\/div>\n\n\n\n<div class=\"wp-block-cover alignfull\" style=\"min-height:544px;aspect-ratio:unset;\"><span aria-hidden=\"true\" class=\"wp-block-cover__background has-nv-site-bg-background-color has-background-dim-100 has-background-dim\"><\/span><div class=\"wp-block-cover__inner-container is-layout-flow wp-block-cover-is-layout-flow\">\n<div class=\"wp-block-group\"><div class=\"wp-block-group__inner-container is-layout-flow wp-block-group-is-layout-flow\">\n<div class=\"wp-block-columns are-vertically-aligned-center is-layout-flex wp-container-core-columns-is-layout-9d6595d7 wp-block-columns-is-layout-flex\">\n<div class=\"wp-block-column is-vertically-aligned-center is-layout-flow wp-block-column-is-layout-flow\" style=\"flex-basis:50%\">\n<div class=\"wp-block-columns is-layout-flex wp-container-core-columns-is-layout-9d6595d7 wp-block-columns-is-layout-flex\">\n<div class=\"wp-block-column is-layout-flow wp-block-column-is-layout-flow\"><\/div>\n<\/div>\n\n\n\n<div class=\"wp-block-columns is-layout-flex wp-container-core-columns-is-layout-9d6595d7 wp-block-columns-is-layout-flex\">\n<div class=\"wp-block-column is-layout-flow wp-block-column-is-layout-flow\"><\/div>\n<\/div>\n\n\n\n<h2 class=\"wp-block-heading has-text-align-left has-neve-text-color-color has-text-color\" style=\"font-size:40px\">Histoire &amp; Patrimoine du V\u00e9lo<\/h2>\n\n\n\n<p class=\"has-text-align-left has-neve-text-color-color has-text-color\" style=\"font-size:17px\">\u00ab Revivez la grande \u00e9pop\u00e9e du cyclisme, des premi\u00e8res bicyclettes aux l\u00e9gendes de Paris\u2013Roubaix. \u00c0 travers archives, photos, objets anciens et t\u00e9moignages, nous racontons le r\u00f4le du v\u00e9lo dans notre r\u00e9gion et l\u2019h\u00e9ritage des champions qui ont marqu\u00e9 les pav\u00e9s. Entrez dans la m\u00e9moire vivante du cyclisme. \u00bb<\/p>\n\n\n\n<div class=\"wp-block-buttons is-horizontal is-content-justification-left is-layout-flex wp-container-core-buttons-is-layout-7e5fce0a wp-block-buttons-is-layout-flex\">\n<div class=\"wp-block-button is-style-primary\"><a class=\"wp-block-button__link wp-element-button\" href=\"https:\/\/historoubaix.com\/index.php\/association-historoubaix#notre-histoire\">Lire la suite<\/a><\/div>\n<\/div>\n\n\n\n<div style=\"height:40px\" aria-hidden=\"true\" class=\"wp-block-spacer\"><\/div>\n<\/div>\n\n\n\n<div class=\"wp-block-column is-vertically-aligned-center is-layout-flow wp-block-column-is-layout-flow\" style=\"flex-basis:50%\">\n<figure class=\"wp-block-image size-full is-resized has-custom-border is-style-rounded wp-duotone-unset-2\" id=\"wp-block-themeisle-blocks-image-5ebc13fe\"><img loading=\"lazy\" decoding=\"async\" width=\"2560\" height=\"1920\" src=\"https:\/\/historoubaix.com\/wp-content\/uploads\/2025\/12\/3ab728bc-9a44-4de6-8b9f-1319ac185a43-1_all_5108-scaled.jpg\" alt=\"\" class=\"wp-image-833\" style=\"border-width:2px;border-radius:15px;object-fit:cover;width:600px;height:250px\" srcset=\"https:\/\/historoubaix.com\/wp-content\/uploads\/2025\/12\/3ab728bc-9a44-4de6-8b9f-1319ac185a43-1_all_5108-scaled.jpg 2560w, https:\/\/historoubaix.com\/wp-content\/uploads\/2025\/12\/3ab728bc-9a44-4de6-8b9f-1319ac185a43-1_all_5108-300x225.jpg 300w, https:\/\/historoubaix.com\/wp-content\/uploads\/2025\/12\/3ab728bc-9a44-4de6-8b9f-1319ac185a43-1_all_5108-1024x768.jpg 1024w, https:\/\/historoubaix.com\/wp-content\/uploads\/2025\/12\/3ab728bc-9a44-4de6-8b9f-1319ac185a43-1_all_5108-768x576.jpg 768w, https:\/\/historoubaix.com\/wp-content\/uploads\/2025\/12\/3ab728bc-9a44-4de6-8b9f-1319ac185a43-1_all_5108-1536x1152.jpg 1536w, https:\/\/historoubaix.com\/wp-content\/uploads\/2025\/12\/3ab728bc-9a44-4de6-8b9f-1319ac185a43-1_all_5108-2048x1536.jpg 2048w\" sizes=\"auto, (max-width: 2560px) 100vw, 2560px\" \/><\/figure>\n<\/div>\n<\/div>\n<\/div><\/div>\n<\/div><\/div>\n\n\n\n<div class=\"wp-block-cover alignfull\" style=\"min-height:420px;aspect-ratio:unset;\"><span aria-hidden=\"true\" class=\"wp-block-cover__background has-nv-light-bg-background-color has-background-dim-100 has-background-dim\"><\/span><div class=\"wp-block-cover__inner-container is-layout-flow wp-block-cover-is-layout-flow\">\n<div style=\"height:80px\" aria-hidden=\"true\" class=\"wp-block-spacer\"><\/div>\n\n\n\n<div class=\"wp-block-columns is-layout-flex wp-container-core-columns-is-layout-9d6595d7 wp-block-columns-is-layout-flex\">\n<div class=\"wp-block-column ticss-4ce656f1 is-layout-flow wp-block-column-is-layout-flow\">\n<figure class=\"wp-block-image size-full is-resized is-style-rounded wp-duotone-grayscale\"><img loading=\"lazy\" decoding=\"async\" width=\"547\" height=\"558\" src=\"https:\/\/historoubaix.com\/wp-content\/uploads\/2025\/10\/avatar-1.jpg\" alt=\"\" class=\"wp-image-484\" style=\"width:80px;height:80px\" srcset=\"https:\/\/historoubaix.com\/wp-content\/uploads\/2025\/10\/avatar-1.jpg 547w, https:\/\/historoubaix.com\/wp-content\/uploads\/2025\/10\/avatar-1-294x300.jpg 294w\" sizes=\"auto, (max-width: 547px) 100vw, 547px\" \/><\/figure>\n\n\n\n<div style=\"height:24px\" aria-hidden=\"true\" class=\"wp-block-spacer\"><\/div>\n\n\n\n<p class=\"has-text-align-left has-neve-text-color-color has-text-color\">\u00ab\u00a0On sent que cette \u00e9quipe aime le travail bien fait. Ils ont su capter l\u2019esprit vintage de nos v\u00e9los anciens et le transmettre dans un site clair, \u00e9l\u00e9gant et fid\u00e8le \u00e0 notre histoire.\u00a0\u00bb<\/p>\n\n\n\n<p class=\"has-neve-text-color-color has-text-color\"><strong>JANET MORRIS<\/strong><\/p>\n\n\n\n<div style=\"height:20px\" aria-hidden=\"true\" class=\"wp-block-spacer\"><\/div>\n<\/div>\n\n\n\n<div class=\"wp-block-column ticss-f6fc7494 is-layout-flow wp-block-column-is-layout-flow\">\n<figure class=\"wp-block-image size-full is-resized is-style-rounded wp-duotone-grayscale\"><img loading=\"lazy\" decoding=\"async\" width=\"547\" height=\"558\" src=\"https:\/\/historoubaix.com\/wp-content\/uploads\/2025\/10\/avatar-2.jpg\" alt=\"\" class=\"wp-image-487\" style=\"width:80px;height:80px\" srcset=\"https:\/\/historoubaix.com\/wp-content\/uploads\/2025\/10\/avatar-2.jpg 547w, https:\/\/historoubaix.com\/wp-content\/uploads\/2025\/10\/avatar-2-294x300.jpg 294w\" sizes=\"auto, (max-width: 547px) 100vw, 547px\" \/><\/figure>\n\n\n\n<div style=\"height:24px\" aria-hidden=\"true\" class=\"wp-block-spacer\"><\/div>\n\n\n\n<p class=\"has-text-align-left has-neve-text-color-color has-text-color\">\u00ab\u00a0Gr\u00e2ce \u00e0 cette \u00e9quipe, notre site refl\u00e8te enfin l\u2019\u00e2me du cyclisme d\u2019autrefois. Leur travail allie respect de la tradition et modernit\u00e9 du web. Un vrai coup de c\u0153ur !\u00a0\u00bb<\/p>\n\n\n\n<p class=\"has-neve-text-color-color has-text-color\"><strong>WILLIE BROWN<\/strong><\/p>\n\n\n\n<div style=\"height:20px\" aria-hidden=\"true\" class=\"wp-block-spacer\"><\/div>\n<\/div>\n\n\n\n<div class=\"wp-block-column ticss-a5b4df29 is-layout-flow wp-block-column-is-layout-flow\">\n<figure class=\"wp-block-image size-full is-resized is-style-rounded wp-duotone-grayscale\"><img loading=\"lazy\" decoding=\"async\" width=\"547\" height=\"558\" src=\"https:\/\/historoubaix.com\/wp-content\/uploads\/2025\/10\/avatar-3.jpg\" alt=\"\" class=\"wp-image-489\" style=\"width:80px;height:80px\" srcset=\"https:\/\/historoubaix.com\/wp-content\/uploads\/2025\/10\/avatar-3.jpg 547w, https:\/\/historoubaix.com\/wp-content\/uploads\/2025\/10\/avatar-3-294x300.jpg 294w\" sizes=\"auto, (max-width: 547px) 100vw, 547px\" \/><\/figure>\n\n\n\n<div style=\"height:24px\" aria-hidden=\"true\" class=\"wp-block-spacer\"><\/div>\n\n\n\n<p class=\"has-text-align-left has-neve-text-color-color has-text-color\">\u00ab\u00a0Une \u00e9quipe \u00e0 l\u2019\u00e9coute et passionn\u00e9e ! Gr\u00e2ce \u00e0 leur travail, notre site sur les v\u00e9los anciens raconte une v\u00e9ritable histoire \u2014 celle d\u2019un temps, d\u2019une \u00e9l\u00e9gance, d\u2019une \u00e9motion.\u00a0\u00bb<\/p>\n\n\n\n<p class=\"has-neve-text-color-color has-text-color\"><strong>SEAN FISHER<\/strong><\/p>\n\n\n\n<div style=\"height:20px\" aria-hidden=\"true\" class=\"wp-block-spacer\"><\/div>\n<\/div>\n<\/div>\n\n\n\n<div style=\"height:30px\" aria-hidden=\"true\" class=\"wp-block-spacer\"><\/div>\n<\/div><\/div>\n\n\n\n<div class=\"wp-block-cover alignfull\" style=\"min-height:300px;aspect-ratio:unset;\"><span aria-hidden=\"true\" class=\"wp-block-cover__background has-nv-dark-bg-background-color has-background-dim-100 has-background-dim\"><\/span><div class=\"wp-block-cover__inner-container is-layout-flow wp-block-cover-is-layout-flow\">\n<div style=\"height:140px\" aria-hidden=\"true\" class=\"wp-block-spacer\"><\/div>\n\n\n\n<h2 class=\"wp-block-heading has-text-align-center has-nv-text-dark-bg-color has-text-color\">Accompagnons votre projet, du souvenir \u00e0 l\u2019expo<\/h2>\n\n\n\n<p class=\"has-text-align-center\">Chaque projet est un voyage \u2014 laissez-nous vous guider de l\u2019id\u00e9e \u00e0 l\u2019\u00e9v\u00e9nement.<\/p>\n\n\n\n<div class=\"wp-block-buttons is-horizontal is-content-justification-center is-layout-flex wp-container-core-buttons-is-layout-499968f5 wp-block-buttons-is-layout-flex\">\n<div class=\"wp-block-button is-style-primary\"><a class=\"wp-block-button__link wp-element-button\" href=\"https:\/\/historoubaix.com\/index.php\/contact-historoubaix\">Contactez-nous<\/a><\/div>\n<\/div>\n\n\n\n<div style=\"height:140px\" aria-hidden=\"true\" class=\"wp-block-spacer\"><\/div>\n<\/div><\/div>\n","protected":false},"excerpt":{"rendered":"<p>Paris-Roubaix, art et l\u00e9gende Une exposition unique m\u00ealant peinture, v\u00e9los anciens et maillots mythiques.Revivez l\u2019histoire l\u00e9gendaire de Paris-Roubaix \u00e0 travers l\u2019art et le patrimoine.Un \u00e9v\u00e9nement convivial pour petits et grands \u00e0 Gruson. Le v\u00e9lo, l\u2019\u00e9pop\u00e9e populaire Des pav\u00e9s de Paris-Roubaix aux grandes heures olympiques.Une plong\u00e9e vivante dans l\u2019histoire du cyclisme et de ses h\u00e9ros.Une exposition&hellip;&nbsp;<a href=\"https:\/\/historoubaix.com\/\" rel=\"bookmark\"><span class=\"screen-reader-text\">Accueil<\/span><\/a><\/p>\n","protected":false},"author":1,"featured_media":0,"parent":0,"menu_order":0,"comment_status":"closed","ping_status":"closed","template":"","meta":{"neve_meta_sidebar":"default","neve_meta_container":"default","neve_meta_enable_content_width":"on","neve_meta_content_width":100,"neve_meta_title_alignment":"","neve_meta_author_avatar":"","neve_post_elements_order":"","neve_meta_disable_header":"","neve_meta_disable_footer":"","neve_meta_disable_title":"on","_themeisle_gutenberg_block_has_review":false,"footnotes":""},"class_list":["post-310","page","type-page","status-publish","hentry"],"_links":{"self":[{"href":"https:\/\/historoubaix.com\/index.php\/wp-json\/wp\/v2\/pages\/310","targetHints":{"allow":["GET"]}}],"collection":[{"href":"https:\/\/historoubaix.com\/index.php\/wp-json\/wp\/v2\/pages"}],"about":[{"href":"https:\/\/historoubaix.com\/index.php\/wp-json\/wp\/v2\/types\/page"}],"author":[{"embeddable":true,"href":"https:\/\/historoubaix.com\/index.php\/wp-json\/wp\/v2\/users\/1"}],"replies":[{"embeddable":true,"href":"https:\/\/historoubaix.com\/index.php\/wp-json\/wp\/v2\/comments?post=310"}],"version-history":[{"count":136,"href":"https:\/\/historoubaix.com\/index.php\/wp-json\/wp\/v2\/pages\/310\/revisions"}],"predecessor-version":[{"id":1106,"href":"https:\/\/historoubaix.com\/index.php\/wp-json\/wp\/v2\/pages\/310\/revisions\/1106"}],"wp:attachment":[{"href":"https:\/\/historoubaix.com\/index.php\/wp-json\/wp\/v2\/media?parent=310"}],"curies":[{"name":"wp","href":"https:\/\/api.w.org\/{rel}","templated":true}]}}