{"id":314,"date":"2020-01-27T08:05:29","date_gmt":"2020-01-27T08:05:29","guid":{"rendered":"https:\/\/demosites.io\/web-agency-gb\/?page_id=69"},"modified":"2025-12-08T17:04:48","modified_gmt":"2025-12-08T16:04:48","slug":"evenements-velo-ancien","status":"publish","type":"page","link":"https:\/\/historoubaix.com\/index.php\/evenements-velo-ancien\/","title":{"rendered":"Ev\u00e9nements"},"content":{"rendered":"\n<div class=\"wp-block-cover alignfull\" style=\"min-height:185px;aspect-ratio:unset;\"><span aria-hidden=\"true\" class=\"wp-block-cover__background has-nv-site-bg-background-color has-background-dim-100 has-background-dim\"><\/span><div class=\"wp-block-cover__inner-container is-layout-flow wp-block-cover-is-layout-flow\">\n<div class=\"wp-block-group\"><div class=\"wp-block-group__inner-container is-layout-flow wp-block-group-is-layout-flow\">\n<h1 class=\"wp-block-heading has-text-align-left has-neve-text-color-color has-text-color\">Ev\u00e9nements<\/h1>\n<\/div><\/div>\n<\/div><\/div>\n\n\n\n<div class=\"wp-block-cover alignfull ticss-2c001d23\" style=\"min-height:600px;aspect-ratio:unset;\"><span aria-hidden=\"true\" class=\"wp-block-cover__background has-nv-light-bg-background-color has-background-dim-100 has-background-dim\"><\/span><div class=\"wp-block-cover__inner-container is-layout-flow wp-block-cover-is-layout-flow\">\n<div class=\"wp-block-group\"><div class=\"wp-block-group__inner-container is-layout-flow wp-block-group-is-layout-flow\">\n<div style=\"height:80px\" aria-hidden=\"true\" class=\"wp-block-spacer\"><\/div>\n\n\n\n<div class=\"wp-block-columns are-vertically-aligned-center is-layout-flex wp-container-core-columns-is-layout-9d6595d7 wp-block-columns-is-layout-flex\">\n<div class=\"wp-block-column is-vertically-aligned-center is-layout-flow wp-block-column-is-layout-flow\">\n<figure class=\"wp-block-gallery aligncenter has-nested-images columns-default is-cropped wp-block-gallery-1 is-layout-flex wp-block-gallery-is-layout-flex\">\n<figure class=\"wp-block-image size-full has-custom-border is-style-rounded ticss-8b1e4d4e\" id=\"wp-block-themeisle-blocks-image-62da302f\"><img loading=\"lazy\" decoding=\"async\" width=\"2560\" height=\"1920\" data-id=\"1041\" src=\"https:\/\/historoubaix.com\/wp-content\/uploads\/2025\/12\/20240330_113247-scaled.jpg\" alt=\"\" class=\"has-border-color wp-image-1041\" style=\"border-color:var(--nv-text-dark-bg);border-width:2px\" srcset=\"https:\/\/historoubaix.com\/wp-content\/uploads\/2025\/12\/20240330_113247-scaled.jpg 2560w, https:\/\/historoubaix.com\/wp-content\/uploads\/2025\/12\/20240330_113247-300x225.jpg 300w, https:\/\/historoubaix.com\/wp-content\/uploads\/2025\/12\/20240330_113247-1024x768.jpg 1024w, https:\/\/historoubaix.com\/wp-content\/uploads\/2025\/12\/20240330_113247-768x576.jpg 768w, https:\/\/historoubaix.com\/wp-content\/uploads\/2025\/12\/20240330_113247-1536x1152.jpg 1536w, https:\/\/historoubaix.com\/wp-content\/uploads\/2025\/12\/20240330_113247-2048x1536.jpg 2048w\" sizes=\"auto, (max-width: 2560px) 100vw, 2560px\" \/><\/figure>\n<\/figure>\n\n\n\n<div style=\"height:24px\" aria-hidden=\"true\" class=\"wp-block-spacer\"><\/div>\n\n\n\n<h3 class=\"wp-block-heading has-text-align-center has-neve-text-color-color has-text-color\">Histoire et Patrimoine du V\u00e9lo \u00e0 Roubaix<\/h3>\n\n\n\n<p class=\"has-text-align-center has-neve-text-color-color has-text-color\">Nous valorisons l\u2019histoire du v\u00e9lo \u00e0 Roubaix, ses marques, ses collectionneurs et ses archives, afin de pr\u00e9server ce pr\u00e9cieux patrimoine et de le partager avec tous.<\/p>\n\n\n\n<div style=\"height:20px\" aria-hidden=\"true\" class=\"wp-block-spacer\"><\/div>\n\n\n\n<div class=\"wp-block-buttons is-content-justification-center is-layout-flex wp-container-core-buttons-is-layout-16018d1d wp-block-buttons-is-layout-flex\">\n<div class=\"wp-block-button is-style-primary\"><a class=\"wp-block-button__link wp-element-button\" href=\"https:\/\/historoubaix.com\/index.php\/contact-historoubaix\">Nous contacter<\/a><\/div>\n<\/div>\n<\/div>\n\n\n\n<div class=\"wp-block-column is-vertically-aligned-center is-layout-flow wp-block-column-is-layout-flow\">\n<figure class=\"wp-block-gallery aligncenter has-nested-images columns-default is-cropped wp-block-gallery-3 is-layout-flex wp-block-gallery-is-layout-flex\">\n<figure class=\"wp-block-image size-full has-custom-border is-style-rounded ticss-1fc3ea91 wp-duotone-unset-2\" id=\"wp-block-themeisle-blocks-image-623e5783\"><img loading=\"lazy\" decoding=\"async\" width=\"1200\" height=\"1200\" data-id=\"763\" src=\"https:\/\/historoubaix.com\/wp-content\/uploads\/2025\/11\/Sans-titre12-edited.jpg\" alt=\"\" class=\"has-border-color has-nv-text-dark-bg-border-color wp-image-763\" style=\"border-width:2px\" srcset=\"https:\/\/historoubaix.com\/wp-content\/uploads\/2025\/11\/Sans-titre12-edited.jpg 1200w, https:\/\/historoubaix.com\/wp-content\/uploads\/2025\/11\/Sans-titre12-edited-300x300.jpg 300w, https:\/\/historoubaix.com\/wp-content\/uploads\/2025\/11\/Sans-titre12-edited-1024x1024.jpg 1024w, https:\/\/historoubaix.com\/wp-content\/uploads\/2025\/11\/Sans-titre12-edited-150x150.jpg 150w, https:\/\/historoubaix.com\/wp-content\/uploads\/2025\/11\/Sans-titre12-edited-768x768.jpg 768w\" sizes=\"auto, (max-width: 1200px) 100vw, 1200px\" \/><\/figure>\n<\/figure>\n\n\n\n<div style=\"height:24px\" aria-hidden=\"true\" class=\"wp-block-spacer\"><\/div>\n\n\n\n<h3 class=\"wp-block-heading has-text-align-center has-neve-text-color-color has-text-color\">\u00c9ducation et Sensibilisation au V\u00e9lo<\/h3>\n\n\n\n<p class=\"has-text-align-center has-neve-text-color-color has-text-color\">Nous organisons ateliers, conf\u00e9rences et sessions d\u2019information pour transmettre nos connaissances et sensibiliser le public aux enjeux li\u00e9s au v\u00e9lo et \u00e0 son histoire.<\/p>\n\n\n\n<div style=\"height:20px\" aria-hidden=\"true\" class=\"wp-block-spacer\"><\/div>\n\n\n\n<div class=\"wp-block-buttons is-content-justification-center is-layout-flex wp-container-core-buttons-is-layout-16018d1d wp-block-buttons-is-layout-flex\">\n<div class=\"wp-block-button is-style-primary\"><a class=\"wp-block-button__link wp-element-button\" href=\"https:\/\/historoubaix.com\/index.php\/contact-historoubaix\">Nous contacter<\/a><\/div>\n<\/div>\n<\/div>\n\n\n\n<div class=\"wp-block-column is-vertically-aligned-center is-layout-flow wp-block-column-is-layout-flow\">\n<figure class=\"wp-block-gallery aligncenter has-nested-images columns-default is-cropped wp-block-gallery-4 is-layout-flex wp-block-gallery-is-layout-flex\">\n<figure class=\"wp-block-image size-full has-custom-border is-style-rounded ticss-ae624657\" id=\"wp-block-themeisle-blocks-image-549c32a4\"><img loading=\"lazy\" decoding=\"async\" width=\"2560\" height=\"1920\" data-id=\"1042\" src=\"https:\/\/historoubaix.com\/wp-content\/uploads\/2025\/12\/20250331_194357-scaled.jpg\" alt=\"\" class=\"has-border-color has-nv-text-dark-bg-border-color wp-image-1042\" style=\"border-width:2px\" srcset=\"https:\/\/historoubaix.com\/wp-content\/uploads\/2025\/12\/20250331_194357-scaled.jpg 2560w, https:\/\/historoubaix.com\/wp-content\/uploads\/2025\/12\/20250331_194357-300x225.jpg 300w, https:\/\/historoubaix.com\/wp-content\/uploads\/2025\/12\/20250331_194357-1024x768.jpg 1024w, https:\/\/historoubaix.com\/wp-content\/uploads\/2025\/12\/20250331_194357-768x576.jpg 768w, https:\/\/historoubaix.com\/wp-content\/uploads\/2025\/12\/20250331_194357-1536x1152.jpg 1536w, https:\/\/historoubaix.com\/wp-content\/uploads\/2025\/12\/20250331_194357-2048x1536.jpg 2048w\" sizes=\"auto, (max-width: 2560px) 100vw, 2560px\" \/><\/figure>\n<\/figure>\n\n\n\n<div style=\"height:24px\" aria-hidden=\"true\" class=\"wp-block-spacer\"><\/div>\n\n\n\n<h3 class=\"wp-block-heading has-text-align-center has-neve-text-color-color has-text-color\">Actions Concr\u00e8tes et Projets Locaux<\/h3>\n\n\n\n<p class=\"has-text-align-center has-neve-text-color-color has-text-color\">Nos membres s\u2019impliquent activement dans des projets concrets, qu\u2019il s\u2019agisse de collectes, d\u2019initiatives sociales ou d\u2019actions communautaires autour du v\u00e9lo.<\/p>\n\n\n\n<div style=\"height:20px\" aria-hidden=\"true\" class=\"wp-block-spacer\"><\/div>\n\n\n\n<div class=\"wp-block-buttons is-content-justification-center is-layout-flex wp-container-core-buttons-is-layout-16018d1d wp-block-buttons-is-layout-flex\">\n<div class=\"wp-block-button is-style-primary\"><a class=\"wp-block-button__link wp-element-button\" href=\"https:\/\/historoubaix.com\/index.php\/contact-historoubaix\">Nous contacter<\/a><\/div>\n<\/div>\n<\/div>\n\n\n\n<div class=\"wp-block-column is-vertically-aligned-center is-layout-flow wp-block-column-is-layout-flow\">\n<figure class=\"wp-block-gallery aligncenter has-nested-images columns-default is-cropped wp-block-gallery-5 is-layout-flex wp-block-gallery-is-layout-flex\">\n<figure class=\"wp-block-image size-full has-custom-border is-style-rounded ticss-ce44835b\" id=\"wp-block-themeisle-blocks-image-4d4ab257\"><img loading=\"lazy\" decoding=\"async\" width=\"1200\" height=\"1200\" data-id=\"766\" src=\"https:\/\/historoubaix.com\/wp-content\/uploads\/2025\/11\/Sans-titre-edited.jpg\" alt=\"\" class=\"has-border-color wp-image-766\" style=\"border-color:var(--nv-text-dark-bg);border-width:2px\" srcset=\"https:\/\/historoubaix.com\/wp-content\/uploads\/2025\/11\/Sans-titre-edited.jpg 1200w, https:\/\/historoubaix.com\/wp-content\/uploads\/2025\/11\/Sans-titre-edited-300x300.jpg 300w, https:\/\/historoubaix.com\/wp-content\/uploads\/2025\/11\/Sans-titre-edited-1024x1024.jpg 1024w, https:\/\/historoubaix.com\/wp-content\/uploads\/2025\/11\/Sans-titre-edited-150x150.jpg 150w, https:\/\/historoubaix.com\/wp-content\/uploads\/2025\/11\/Sans-titre-edited-768x768.jpg 768w\" sizes=\"auto, (max-width: 1200px) 100vw, 1200px\" \/><\/figure>\n<\/figure>\n\n\n\n<div style=\"height:24px\" aria-hidden=\"true\" class=\"wp-block-spacer\"><\/div>\n\n\n\n<h3 class=\"wp-block-heading has-text-align-center has-neve-text-color-color has-text-color\">Rencontres et \u00c9v\u00e9nements Communautaires<\/h3>\n\n\n\n<p class=\"has-text-align-center has-neve-text-color-color has-text-color\">Nous encourageons les rencontres, les \u00e9changes et la participation \u00e0 des \u00e9v\u00e9nements autour du v\u00e9lo pour cr\u00e9er du lien entre passionn\u00e9s et habitants.<\/p>\n\n\n\n<div style=\"height:20px\" aria-hidden=\"true\" class=\"wp-block-spacer\"><\/div>\n\n\n\n<div class=\"wp-block-buttons is-content-justification-center is-layout-flex wp-container-core-buttons-is-layout-16018d1d wp-block-buttons-is-layout-flex\">\n<div class=\"wp-block-button is-style-primary\"><a class=\"wp-block-button__link wp-element-button\" href=\"https:\/\/historoubaix.com\/index.php\/contact-historoubaix\">Nous contacter<\/a><\/div>\n<\/div>\n<\/div>\n<\/div>\n\n\n\n<div style=\"height:40px\" aria-hidden=\"true\" class=\"wp-block-spacer\"><\/div>\n<\/div><\/div>\n<\/div><\/div>\n\n\n\n<div class=\"wp-block-columns is-layout-flex wp-container-core-columns-is-layout-9d6595d7 wp-block-columns-is-layout-flex\">\n<div class=\"wp-block-column is-layout-flow wp-block-column-is-layout-flow\"><\/div>\n<\/div>\n\n\n\n<div class=\"wp-block-cover alignfull\" style=\"min-height:300px;aspect-ratio:unset;\"><span aria-hidden=\"true\" class=\"wp-block-cover__background has-nv-dark-bg-background-color has-background-dim-100 has-background-dim\"><\/span><div class=\"wp-block-cover__inner-container is-layout-flow wp-block-cover-is-layout-flow\">\n<div style=\"height:80px\" aria-hidden=\"true\" class=\"wp-block-spacer\"><\/div>\n\n\n<div class=\"wp-block-image is-style-rounded wp-duotone-grayscale\">\n<figure class=\"aligncenter size-full is-resized has-custom-border\"><img loading=\"lazy\" decoding=\"async\" width=\"547\" height=\"558\" src=\"https:\/\/historoubaix.com\/wp-content\/uploads\/2025\/10\/avatar-1.jpg\" alt=\"\" class=\"wp-image-484\" style=\"border-style:none;border-width:0px;width:80px;height:80px\" srcset=\"https:\/\/historoubaix.com\/wp-content\/uploads\/2025\/10\/avatar-1.jpg 547w, https:\/\/historoubaix.com\/wp-content\/uploads\/2025\/10\/avatar-1-294x300.jpg 294w\" sizes=\"auto, (max-width: 547px) 100vw, 547px\" \/><\/figure>\n<\/div>\n\n\n<div style=\"height:24px\" aria-hidden=\"true\" class=\"wp-block-spacer\"><\/div>\n\n\n\n<p class=\"has-text-align-center has-nv-text-dark-bg-color has-text-color\">\u00ab Le soin et la passion que cette \u00e9quipe apporte \u00e0 chaque d\u00e9tail sont impressionnants. Ils ont parfaitement compris notre histoire et cr\u00e9\u00e9 un site qui refl\u00e8te notre mission avec authenticit\u00e9. Un travail remarquable ! \u00bb<\/p>\n\n\n\n<p class=\"has-text-align-center has-nv-text-dark-bg-color has-text-color\" style=\"font-size:14px\">JANET MORRIS<\/p>\n\n\n\n<div style=\"height:80px\" aria-hidden=\"true\" class=\"wp-block-spacer\"><\/div>\n<\/div><\/div>\n","protected":false},"excerpt":{"rendered":"","protected":false},"author":1,"featured_media":0,"parent":0,"menu_order":0,"comment_status":"closed","ping_status":"closed","template":"","meta":{"neve_meta_sidebar":"full-width","neve_meta_container":"","neve_meta_enable_content_width":"on","neve_meta_content_width":100,"neve_meta_title_alignment":"","neve_meta_author_avatar":"","neve_post_elements_order":"","neve_meta_disable_header":"","neve_meta_disable_footer":"","neve_meta_disable_title":"on","_themeisle_gutenberg_block_has_review":false,"footnotes":""},"class_list":["post-314","page","type-page","status-publish","hentry"],"_links":{"self":[{"href":"https:\/\/historoubaix.com\/index.php\/wp-json\/wp\/v2\/pages\/314","targetHints":{"allow":["GET"]}}],"collection":[{"href":"https:\/\/historoubaix.com\/index.php\/wp-json\/wp\/v2\/pages"}],"about":[{"href":"https:\/\/historoubaix.com\/index.php\/wp-json\/wp\/v2\/types\/page"}],"author":[{"embeddable":true,"href":"https:\/\/historoubaix.com\/index.php\/wp-json\/wp\/v2\/users\/1"}],"replies":[{"embeddable":true,"href":"https:\/\/historoubaix.com\/index.php\/wp-json\/wp\/v2\/comments?post=314"}],"version-history":[{"count":27,"href":"https:\/\/historoubaix.com\/index.php\/wp-json\/wp\/v2\/pages\/314\/revisions"}],"predecessor-version":[{"id":1059,"href":"https:\/\/historoubaix.com\/index.php\/wp-json\/wp\/v2\/pages\/314\/revisions\/1059"}],"wp:attachment":[{"href":"https:\/\/historoubaix.com\/index.php\/wp-json\/wp\/v2\/media?parent=314"}],"curies":[{"name":"wp","href":"https:\/\/api.w.org\/{rel}","templated":true}]}}