{"id":644,"date":"2025-10-21T15:06:12","date_gmt":"2025-10-21T13:06:12","guid":{"rendered":"https:\/\/historoubaix.com\/?page_id=644"},"modified":"2025-12-08T16:18:18","modified_gmt":"2025-12-08T15:18:18","slug":"exposition-velo-camphin-en-pevele","status":"publish","type":"page","link":"https:\/\/historoubaix.com\/index.php\/exposition-velo-camphin-en-pevele\/","title":{"rendered":"Exposition  Camphin-en-P\u00e9v\u00e8le"},"content":{"rendered":"\n<div class=\"wp-block-cover alignfull\" style=\"min-height:185px;aspect-ratio:unset;\"><span aria-hidden=\"true\" class=\"wp-block-cover__background has-nv-site-bg-background-color has-background-dim-100 has-background-dim\"><\/span><div class=\"wp-block-cover__inner-container is-layout-flow wp-block-cover-is-layout-flow\">\n<div class=\"wp-block-group\"><div class=\"wp-block-group__inner-container is-layout-flow wp-block-group-is-layout-flow\">\n<h1 class=\"wp-block-heading has-text-align-left has-neve-text-color-color has-text-color\">Camphin-en-P\u00e9v\u00e8le<\/h1>\n<\/div><\/div>\n<\/div><\/div>\n\n\n\n<div class=\"wp-block-cover alignfull\" style=\"min-height:645px;aspect-ratio:unset;\"><span aria-hidden=\"true\" class=\"wp-block-cover__background has-nv-light-bg-background-color has-background-dim-100 has-background-dim\"><\/span><div class=\"wp-block-cover__inner-container is-layout-flow wp-block-cover-is-layout-flow\">\n<div style=\"height:20px\" aria-hidden=\"true\" class=\"wp-block-spacer\"><\/div>\n\n\n\n<div class=\"wp-block-group\"><div class=\"wp-block-group__inner-container is-layout-flow wp-block-group-is-layout-flow\">\n<div class=\"wp-block-columns is-layout-flex wp-container-core-columns-is-layout-9d6595d7 wp-block-columns-is-layout-flex\">\n<div class=\"wp-block-column is-layout-flow wp-block-column-is-layout-flow\" style=\"flex-basis:60%\">\n<figure class=\"wp-block-image size-large is-resized has-custom-border is-style-rounded\" id=\"wp-block-themeisle-blocks-image-58a21fe4\"><img loading=\"lazy\" decoding=\"async\" width=\"1024\" height=\"768\" src=\"https:\/\/historoubaix.com\/wp-content\/uploads\/2025\/12\/20240405_173739-1024x768.jpg\" alt=\"\" class=\"has-border-color wp-image-902\" style=\"border-color:var(--nv-text-dark-bg);border-width:2px;border-radius:15px;width:666px;height:auto\" srcset=\"https:\/\/historoubaix.com\/wp-content\/uploads\/2025\/12\/20240405_173739-1024x768.jpg 1024w, https:\/\/historoubaix.com\/wp-content\/uploads\/2025\/12\/20240405_173739-300x225.jpg 300w, https:\/\/historoubaix.com\/wp-content\/uploads\/2025\/12\/20240405_173739-768x576.jpg 768w, https:\/\/historoubaix.com\/wp-content\/uploads\/2025\/12\/20240405_173739-1536x1152.jpg 1536w, https:\/\/historoubaix.com\/wp-content\/uploads\/2025\/12\/20240405_173739-2048x1536.jpg 2048w\" sizes=\"auto, (max-width: 1024px) 100vw, 1024px\" \/><\/figure>\n<\/div>\n\n\n\n<div class=\"wp-block-column ticss-6b7d97b9 is-layout-flow wp-block-column-is-layout-flow\" style=\"flex-basis:40%\">\n<h2 class=\"wp-block-heading has-neve-text-color-color has-text-color has-link-color wp-elements-b3a91155d7d9fc0b0d4b358143d74b1c\" style=\"font-size:35px\">L\u2019art et la passion du v\u00e9lo\u202f<\/h2>\n\n\n\n<p class=\"ticss-fbec35b1 has-neve-text-color-color has-text-color has-link-color wp-elements-07bda2e7f615d90f6f40b9627f3eacc2\">D\u00e9couvrez cette exposition unique d\u00e9di\u00e9e aux v\u00e9los et \u00e0 leur univers, o\u00f9 design, innovation et histoire se rencontrent. Parcourez les mod\u00e8les contemporains et classiques, admirez les d\u00e9tails techniques et laissez-vous inspirer par la cr\u00e9ativit\u00e9 des constructeurs et passionn\u00e9s. Chaque v\u00e9lo raconte une histoire et chaque photo capture un moment de cette passion sur deux roues.<\/p>\n<\/div>\n<\/div>\n<\/div><\/div>\n<\/div><\/div>\n\n\n\n<div class=\"wp-block-cover alignfull\" style=\"min-height:600px;aspect-ratio:unset;\"><span aria-hidden=\"true\" class=\"wp-block-cover__background has-nv-site-bg-background-color has-background-dim-100 has-background-dim\"><\/span><div class=\"wp-block-cover__inner-container is-layout-flow wp-block-cover-is-layout-flow\">\n<div class=\"wp-block-group\"><div class=\"wp-block-group__inner-container is-layout-flow wp-block-group-is-layout-flow\">\n<div style=\"height:80px\" aria-hidden=\"true\" class=\"wp-block-spacer\"><\/div>\n\n\n\n<h2 class=\"wp-block-heading has-neve-text-color-color has-text-color\">L\u2019exposition en images<\/h2>\n\n\n\n<div style=\"height:20px\" aria-hidden=\"true\" class=\"wp-block-spacer\"><\/div>\n\n\n\n<div class=\"wp-block-columns are-vertically-aligned-center is-layout-flex wp-container-core-columns-is-layout-9d6595d7 wp-block-columns-is-layout-flex\">\n<div class=\"wp-block-column is-vertically-aligned-center is-layout-flow wp-block-column-is-layout-flow\" style=\"flex-basis:50%\">\n<figure class=\"wp-block-image size-large has-custom-border is-style-rounded\" id=\"wp-block-themeisle-blocks-image-d7d6f9cb\"><img loading=\"lazy\" decoding=\"async\" width=\"1024\" height=\"768\" src=\"https:\/\/historoubaix.com\/wp-content\/uploads\/2025\/12\/20240405_120958-1024x768.jpg\" alt=\"\" class=\"has-border-color wp-image-987\" style=\"border-color:var(--nv-text-dark-bg);border-width:2px;border-radius:15px\" srcset=\"https:\/\/historoubaix.com\/wp-content\/uploads\/2025\/12\/20240405_120958-1024x768.jpg 1024w, https:\/\/historoubaix.com\/wp-content\/uploads\/2025\/12\/20240405_120958-300x225.jpg 300w, https:\/\/historoubaix.com\/wp-content\/uploads\/2025\/12\/20240405_120958-768x576.jpg 768w, https:\/\/historoubaix.com\/wp-content\/uploads\/2025\/12\/20240405_120958-1536x1152.jpg 1536w, https:\/\/historoubaix.com\/wp-content\/uploads\/2025\/12\/20240405_120958-2048x1536.jpg 2048w\" sizes=\"auto, (max-width: 1024px) 100vw, 1024px\" \/><\/figure>\n\n\n\n<div style=\"height:15px\" aria-hidden=\"true\" class=\"wp-block-spacer\"><\/div>\n\n\n\n<figure class=\"wp-block-image size-large has-custom-border is-style-rounded\" id=\"wp-block-themeisle-blocks-image-9283673c\"><img loading=\"lazy\" decoding=\"async\" width=\"1024\" height=\"768\" src=\"https:\/\/historoubaix.com\/wp-content\/uploads\/2025\/12\/20240405_121126-1024x768.jpg\" alt=\"\" class=\"has-border-color wp-image-986\" style=\"border-color:var(--nv-text-dark-bg);border-width:2px;border-radius:15px\" srcset=\"https:\/\/historoubaix.com\/wp-content\/uploads\/2025\/12\/20240405_121126-1024x768.jpg 1024w, https:\/\/historoubaix.com\/wp-content\/uploads\/2025\/12\/20240405_121126-300x225.jpg 300w, https:\/\/historoubaix.com\/wp-content\/uploads\/2025\/12\/20240405_121126-768x576.jpg 768w, https:\/\/historoubaix.com\/wp-content\/uploads\/2025\/12\/20240405_121126-1536x1152.jpg 1536w, https:\/\/historoubaix.com\/wp-content\/uploads\/2025\/12\/20240405_121126-2048x1536.jpg 2048w\" sizes=\"auto, (max-width: 1024px) 100vw, 1024px\" \/><\/figure>\n\n\n\n<div style=\"height:15px\" aria-hidden=\"true\" class=\"wp-block-spacer\"><\/div>\n\n\n\n<div style=\"height:0px\" aria-hidden=\"true\" class=\"wp-block-spacer\"><\/div>\n\n\n\n<figure class=\"wp-block-image size-large has-custom-border is-style-rounded\" id=\"wp-block-themeisle-blocks-image-952ae42d\"><img loading=\"lazy\" decoding=\"async\" width=\"1024\" height=\"768\" src=\"https:\/\/historoubaix.com\/wp-content\/uploads\/2025\/12\/20240405_135137-1024x768.jpg\" alt=\"\" class=\"has-border-color wp-image-900\" style=\"border-color:var(--nv-text-dark-bg);border-width:2px;border-radius:15px\" srcset=\"https:\/\/historoubaix.com\/wp-content\/uploads\/2025\/12\/20240405_135137-1024x768.jpg 1024w, https:\/\/historoubaix.com\/wp-content\/uploads\/2025\/12\/20240405_135137-300x225.jpg 300w, https:\/\/historoubaix.com\/wp-content\/uploads\/2025\/12\/20240405_135137-768x576.jpg 768w, https:\/\/historoubaix.com\/wp-content\/uploads\/2025\/12\/20240405_135137-1536x1152.jpg 1536w, https:\/\/historoubaix.com\/wp-content\/uploads\/2025\/12\/20240405_135137-2048x1536.jpg 2048w\" sizes=\"auto, (max-width: 1024px) 100vw, 1024px\" \/><\/figure>\n\n\n\n<div style=\"height:15px\" aria-hidden=\"true\" class=\"wp-block-spacer\"><\/div>\n\n\n\n<div style=\"height:0px\" aria-hidden=\"true\" class=\"wp-block-spacer\"><\/div>\n\n\n\n<figure class=\"wp-block-image size-large has-custom-border is-style-rounded\" id=\"wp-block-themeisle-blocks-image-4596e417\"><img loading=\"lazy\" decoding=\"async\" width=\"1024\" height=\"768\" src=\"https:\/\/historoubaix.com\/wp-content\/uploads\/2025\/12\/20240405_121236-1024x768.jpg\" alt=\"\" class=\"has-border-color wp-image-903\" style=\"border-color:var(--nv-text-dark-bg);border-width:2px;border-radius:15px\" srcset=\"https:\/\/historoubaix.com\/wp-content\/uploads\/2025\/12\/20240405_121236-1024x768.jpg 1024w, https:\/\/historoubaix.com\/wp-content\/uploads\/2025\/12\/20240405_121236-300x225.jpg 300w, https:\/\/historoubaix.com\/wp-content\/uploads\/2025\/12\/20240405_121236-768x576.jpg 768w, https:\/\/historoubaix.com\/wp-content\/uploads\/2025\/12\/20240405_121236-1536x1152.jpg 1536w, https:\/\/historoubaix.com\/wp-content\/uploads\/2025\/12\/20240405_121236-2048x1536.jpg 2048w\" sizes=\"auto, (max-width: 1024px) 100vw, 1024px\" \/><\/figure>\n\n\n\n<div style=\"height:15px\" aria-hidden=\"true\" class=\"wp-block-spacer\"><\/div>\n\n\n\n<div style=\"height:6px\" aria-hidden=\"true\" class=\"wp-block-spacer\"><\/div>\n\n\n\n<figure class=\"wp-block-image size-large has-custom-border is-style-rounded\" id=\"wp-block-themeisle-blocks-image-1034d93f\"><img loading=\"lazy\" decoding=\"async\" width=\"768\" height=\"1024\" src=\"https:\/\/historoubaix.com\/wp-content\/uploads\/2025\/12\/20240406_170921-768x1024.jpg\" alt=\"\" class=\"has-border-color wp-image-904\" style=\"border-color:var(--nv-text-dark-bg);border-width:2px;border-radius:15px\" srcset=\"https:\/\/historoubaix.com\/wp-content\/uploads\/2025\/12\/20240406_170921-768x1024.jpg 768w, https:\/\/historoubaix.com\/wp-content\/uploads\/2025\/12\/20240406_170921-225x300.jpg 225w, https:\/\/historoubaix.com\/wp-content\/uploads\/2025\/12\/20240406_170921-1152x1536.jpg 1152w, https:\/\/historoubaix.com\/wp-content\/uploads\/2025\/12\/20240406_170921-1536x2048.jpg 1536w, https:\/\/historoubaix.com\/wp-content\/uploads\/2025\/12\/20240406_170921-scaled.jpg 1920w\" sizes=\"auto, (max-width: 768px) 100vw, 768px\" \/><\/figure>\n\n\n\n<div style=\"height:40px\" aria-hidden=\"true\" class=\"wp-block-spacer\"><\/div>\n<\/div>\n\n\n\n<div class=\"wp-block-column is-vertically-aligned-center is-layout-flow wp-block-column-is-layout-flow\" style=\"flex-basis:50%\">\n<figure class=\"wp-block-image size-large has-custom-border is-style-rounded\" id=\"wp-block-themeisle-blocks-image-362d275e\"><img loading=\"lazy\" decoding=\"async\" width=\"768\" height=\"1024\" src=\"https:\/\/historoubaix.com\/wp-content\/uploads\/2025\/12\/20240405_121228-768x1024.jpg\" alt=\"\" class=\"has-border-color wp-image-985\" style=\"border-color:var(--nv-text-dark-bg);border-width:2px;border-radius:15px\" srcset=\"https:\/\/historoubaix.com\/wp-content\/uploads\/2025\/12\/20240405_121228-768x1024.jpg 768w, https:\/\/historoubaix.com\/wp-content\/uploads\/2025\/12\/20240405_121228-225x300.jpg 225w, https:\/\/historoubaix.com\/wp-content\/uploads\/2025\/12\/20240405_121228-1152x1536.jpg 1152w, https:\/\/historoubaix.com\/wp-content\/uploads\/2025\/12\/20240405_121228-1536x2048.jpg 1536w, https:\/\/historoubaix.com\/wp-content\/uploads\/2025\/12\/20240405_121228-scaled.jpg 1920w\" sizes=\"auto, (max-width: 768px) 100vw, 768px\" \/><\/figure>\n\n\n\n<div style=\"height:15px\" aria-hidden=\"true\" class=\"wp-block-spacer\"><\/div>\n\n\n\n<div style=\"height:0px\" aria-hidden=\"true\" class=\"wp-block-spacer\"><\/div>\n\n\n\n<figure class=\"wp-block-image size-large has-custom-border is-style-rounded\" id=\"wp-block-themeisle-blocks-image-6ccc0887\"><img loading=\"lazy\" decoding=\"async\" width=\"768\" height=\"1024\" src=\"https:\/\/historoubaix.com\/wp-content\/uploads\/2025\/12\/20240405_142044-768x1024.jpg\" alt=\"\" class=\"has-border-color wp-image-901\" style=\"border-color:var(--nv-text-dark-bg);border-width:2px;border-radius:15px\" srcset=\"https:\/\/historoubaix.com\/wp-content\/uploads\/2025\/12\/20240405_142044-768x1024.jpg 768w, https:\/\/historoubaix.com\/wp-content\/uploads\/2025\/12\/20240405_142044-225x300.jpg 225w, https:\/\/historoubaix.com\/wp-content\/uploads\/2025\/12\/20240405_142044-1152x1536.jpg 1152w, https:\/\/historoubaix.com\/wp-content\/uploads\/2025\/12\/20240405_142044-1536x2048.jpg 1536w, https:\/\/historoubaix.com\/wp-content\/uploads\/2025\/12\/20240405_142044-scaled.jpg 1920w\" sizes=\"auto, (max-width: 768px) 100vw, 768px\" \/><\/figure>\n\n\n\n<div style=\"height:15px\" aria-hidden=\"true\" class=\"wp-block-spacer\"><\/div>\n\n\n\n<div style=\"height:0px\" aria-hidden=\"true\" class=\"wp-block-spacer\"><\/div>\n\n\n\n<figure class=\"wp-block-image size-large has-custom-border is-style-rounded\" id=\"wp-block-themeisle-blocks-image-51f641c2\"><img loading=\"lazy\" decoding=\"async\" width=\"1024\" height=\"768\" src=\"https:\/\/historoubaix.com\/wp-content\/uploads\/2025\/12\/20240405_121241-1024x768.jpg\" alt=\"\" class=\"has-border-color wp-image-905\" style=\"border-color:var(--nv-text-dark-bg);border-width:2px;border-radius:15px\" srcset=\"https:\/\/historoubaix.com\/wp-content\/uploads\/2025\/12\/20240405_121241-1024x768.jpg 1024w, https:\/\/historoubaix.com\/wp-content\/uploads\/2025\/12\/20240405_121241-300x225.jpg 300w, https:\/\/historoubaix.com\/wp-content\/uploads\/2025\/12\/20240405_121241-768x576.jpg 768w, https:\/\/historoubaix.com\/wp-content\/uploads\/2025\/12\/20240405_121241-1536x1152.jpg 1536w, https:\/\/historoubaix.com\/wp-content\/uploads\/2025\/12\/20240405_121241-2048x1536.jpg 2048w\" sizes=\"auto, (max-width: 1024px) 100vw, 1024px\" \/><\/figure>\n\n\n\n<div style=\"height:15px\" aria-hidden=\"true\" class=\"wp-block-spacer\"><\/div>\n\n\n\n<div style=\"height:0px\" aria-hidden=\"true\" class=\"wp-block-spacer\"><\/div>\n\n\n\n<figure class=\"wp-block-image size-large has-custom-border is-style-rounded\" id=\"wp-block-themeisle-blocks-image-04036011\"><img loading=\"lazy\" decoding=\"async\" width=\"1024\" height=\"768\" src=\"https:\/\/historoubaix.com\/wp-content\/uploads\/2025\/12\/20240405_121259-1024x768.jpg\" alt=\"\" class=\"has-border-color wp-image-906\" style=\"border-color:var(--nv-text-dark-bg);border-width:2px;border-radius:15px\" srcset=\"https:\/\/historoubaix.com\/wp-content\/uploads\/2025\/12\/20240405_121259-1024x768.jpg 1024w, https:\/\/historoubaix.com\/wp-content\/uploads\/2025\/12\/20240405_121259-300x225.jpg 300w, https:\/\/historoubaix.com\/wp-content\/uploads\/2025\/12\/20240405_121259-768x576.jpg 768w, https:\/\/historoubaix.com\/wp-content\/uploads\/2025\/12\/20240405_121259-1536x1152.jpg 1536w, https:\/\/historoubaix.com\/wp-content\/uploads\/2025\/12\/20240405_121259-2048x1536.jpg 2048w\" sizes=\"auto, (max-width: 1024px) 100vw, 1024px\" \/><\/figure>\n\n\n\n<div style=\"height:15px\" aria-hidden=\"true\" class=\"wp-block-spacer\"><\/div>\n\n\n\n<div style=\"height:0px\" aria-hidden=\"true\" class=\"wp-block-spacer\"><\/div>\n\n\n\n<figure class=\"wp-block-image size-large has-custom-border is-style-rounded\" id=\"wp-block-themeisle-blocks-image-4cfef7a4\"><img decoding=\"async\" src=\"https:\/\/historoubaix.com\/wp-content\/uploads\/2025\/12\/20240405_121138-1024x768.jpg\" alt=\"\" class=\"has-border-color wp-image-908\" style=\"border-color:var(--nv-text-dark-bg);border-width:2px;border-radius:15px\"\/><\/figure>\n\n\n\n<div style=\"height:40px\" aria-hidden=\"true\" class=\"wp-block-spacer\"><\/div>\n<\/div>\n<\/div>\n\n\n\n<div style=\"height:40px\" aria-hidden=\"true\" class=\"wp-block-spacer\"><\/div>\n<\/div><\/div>\n<\/div><\/div>\n\n\n\n<div class=\"wp-block-cover alignfull\" style=\"min-height:300px;aspect-ratio:unset;\"><span aria-hidden=\"true\" class=\"wp-block-cover__background has-nv-dark-bg-background-color has-background-dim-100 has-background-dim\"><\/span><div class=\"wp-block-cover__inner-container is-layout-flow wp-block-cover-is-layout-flow\">\n<div style=\"height:140px\" aria-hidden=\"true\" class=\"wp-block-spacer\"><\/div>\n\n\n\n<h2 class=\"wp-block-heading has-text-align-center has-nv-text-dark-bg-color has-text-color\">\u00ab Votre projet m\u00e9rite une exposition \u00bb<\/h2>\n\n\n\n<p class=\"has-text-align-center\">De la conception \u00e0 la pr\u00e9sentation, nous vous accompagnons \u00e0 chaque \u00e9tape.<\/p>\n\n\n\n<div class=\"wp-block-buttons is-horizontal is-content-justification-center is-layout-flex wp-container-core-buttons-is-layout-499968f5 wp-block-buttons-is-layout-flex\">\n<div class=\"wp-block-button is-style-primary\"><a class=\"wp-block-button__link wp-element-button\" href=\"https:\/\/historoubaix.com\/index.php\/contact-historoubaix\">Contactez-nous<\/a><\/div>\n<\/div>\n\n\n\n<div style=\"height:140px\" aria-hidden=\"true\" class=\"wp-block-spacer\"><\/div>\n<\/div><\/div>\n","protected":false},"excerpt":{"rendered":"","protected":false},"author":1,"featured_media":0,"parent":0,"menu_order":0,"comment_status":"closed","ping_status":"closed","template":"","meta":{"neve_meta_sidebar":"default","neve_meta_container":"","neve_meta_enable_content_width":"on","neve_meta_content_width":100,"neve_meta_title_alignment":"","neve_meta_author_avatar":"","neve_post_elements_order":"","neve_meta_disable_header":"","neve_meta_disable_footer":"","neve_meta_disable_title":"on","_themeisle_gutenberg_block_has_review":false,"footnotes":""},"class_list":["post-644","page","type-page","status-publish","hentry"],"_links":{"self":[{"href":"https:\/\/historoubaix.com\/index.php\/wp-json\/wp\/v2\/pages\/644","targetHints":{"allow":["GET"]}}],"collection":[{"href":"https:\/\/historoubaix.com\/index.php\/wp-json\/wp\/v2\/pages"}],"about":[{"href":"https:\/\/historoubaix.com\/index.php\/wp-json\/wp\/v2\/types\/page"}],"author":[{"embeddable":true,"href":"https:\/\/historoubaix.com\/index.php\/wp-json\/wp\/v2\/users\/1"}],"replies":[{"embeddable":true,"href":"https:\/\/historoubaix.com\/index.php\/wp-json\/wp\/v2\/comments?post=644"}],"version-history":[{"count":35,"href":"https:\/\/historoubaix.com\/index.php\/wp-json\/wp\/v2\/pages\/644\/revisions"}],"predecessor-version":[{"id":1143,"href":"https:\/\/historoubaix.com\/index.php\/wp-json\/wp\/v2\/pages\/644\/revisions\/1143"}],"wp:attachment":[{"href":"https:\/\/historoubaix.com\/index.php\/wp-json\/wp\/v2\/media?parent=644"}],"curies":[{"name":"wp","href":"https:\/\/api.w.org\/{rel}","templated":true}]}}